{"id":189,"date":"2016-05-08T17:22:51","date_gmt":"2016-05-08T17:22:51","guid":{"rendered":"https:\/\/oceanwp.org\/gym\/?page_id=189"},"modified":"2023-01-13T16:34:11","modified_gmt":"2023-01-13T16:34:11","slug":"nosotros","status":"publish","type":"page","link":"https:\/\/hosterialoncorruca.cl\/lnc\/nosotros\/","title":{"rendered":"Nosotros"},"content":{"rendered":"\t\t<div data-elementor-type=\"wp-post\" data-elementor-id=\"189\" class=\"elementor elementor-189\">\n\t\t\t\t\t\t\t\t\t<section class=\"elementor-section elementor-top-section elementor-element elementor-element-d977375 elementor-section-boxed elementor-section-height-default elementor-section-height-default\" data-id=\"d977375\" data-element_type=\"section\">\n\t\t\t\t\t\t<div class=\"elementor-container elementor-column-gap-default\">\n\t\t\t\t\t<div class=\"elementor-column elementor-col-100 elementor-top-column elementor-element elementor-element-b6ae903\" data-id=\"b6ae903\" data-element_type=\"column\">\n\t\t\t<div class=\"elementor-widget-wrap elementor-element-populated\">\n\t\t\t\t\t\t\t\t<div class=\"elementor-element elementor-element-0909aec elementor-widget elementor-widget-image\" data-id=\"0909aec\" data-element_type=\"widget\" data-widget_type=\"image.default\">\n\t\t\t\t<div class=\"elementor-widget-container\">\n\t\t\t<style>\/*! elementor - v3.10.2 - 29-01-2023 *\/\n.elementor-widget-image{text-align:center}.elementor-widget-image a{display:inline-block}.elementor-widget-image a img[src$=\".svg\"]{width:48px}.elementor-widget-image img{vertical-align:middle;display:inline-block}<\/style>\t\t\t\t\t\t\t\t\t\t\t\t<img loading=\"lazy\" decoding=\"async\" width=\"731\" height=\"157\" src=\"https:\/\/hosterialoncorruca.cl\/lnc\/wp-content\/uploads\/2022\/12\/cropped-white-logo_-1.png\" class=\"attachment-full size-full wp-image-623\" alt=\"\" srcset=\"https:\/\/hosterialoncorruca.cl\/lnc\/wp-content\/uploads\/2022\/12\/cropped-white-logo_-1.png 731w, https:\/\/hosterialoncorruca.cl\/lnc\/wp-content\/uploads\/2022\/12\/cropped-white-logo_-1-300x64.png 300w\" sizes=\"auto, (max-width: 731px) 100vw, 731px\" \/>\t\t\t\t\t\t\t\t\t\t\t\t\t\t\t<\/div>\n\t\t\t\t<\/div>\n\t\t\t\t<div class=\"elementor-element elementor-element-47cc5bf elementor-widget elementor-widget-heading\" data-id=\"47cc5bf\" data-element_type=\"widget\" data-widget_type=\"heading.default\">\n\t\t\t\t<div class=\"elementor-widget-container\">\n\t\t\t<style>\/*! elementor - v3.10.2 - 29-01-2023 *\/\n.elementor-heading-title{padding:0;margin:0;line-height:1}.elementor-widget-heading .elementor-heading-title[class*=elementor-size-]>a{color:inherit;font-size:inherit;line-height:inherit}.elementor-widget-heading .elementor-heading-title.elementor-size-small{font-size:15px}.elementor-widget-heading .elementor-heading-title.elementor-size-medium{font-size:19px}.elementor-widget-heading .elementor-heading-title.elementor-size-large{font-size:29px}.elementor-widget-heading .elementor-heading-title.elementor-size-xl{font-size:39px}.elementor-widget-heading .elementor-heading-title.elementor-size-xxl{font-size:59px}<\/style><h2 class=\"elementor-heading-title elementor-size-default\">Hosteria Loncorruca Loncoche<\/h2>\t\t<\/div>\n\t\t\t\t<\/div>\n\t\t\t\t<div class=\"elementor-element elementor-element-430d8e1 elementor-widget elementor-widget-text-editor\" data-id=\"430d8e1\" data-element_type=\"widget\" data-widget_type=\"text-editor.default\">\n\t\t\t\t<div class=\"elementor-widget-container\">\n\t\t\t<style>\/*! elementor - v3.10.2 - 29-01-2023 *\/\n.elementor-widget-text-editor.elementor-drop-cap-view-stacked .elementor-drop-cap{background-color:#818a91;color:#fff}.elementor-widget-text-editor.elementor-drop-cap-view-framed .elementor-drop-cap{color:#818a91;border:3px solid;background-color:transparent}.elementor-widget-text-editor:not(.elementor-drop-cap-view-default) .elementor-drop-cap{margin-top:8px}.elementor-widget-text-editor:not(.elementor-drop-cap-view-default) .elementor-drop-cap-letter{width:1em;height:1em}.elementor-widget-text-editor .elementor-drop-cap{float:left;text-align:center;line-height:1;font-size:50px}.elementor-widget-text-editor .elementor-drop-cap-letter{display:inline-block}<\/style>\t\t\t\t<p>Tradici\u00f3n hist\u00f3rica, calidad y con m\u00e1s de 40 a\u00f1os de experiencia.<\/p>\t\t\t\t\t\t<\/div>\n\t\t\t\t<\/div>\n\t\t\t\t\t<\/div>\n\t\t<\/div>\n\t\t\t\t\t\t\t<\/div>\n\t\t<\/section>\n\t\t\t\t<section class=\"elementor-section elementor-top-section elementor-element elementor-element-8786c18 elementor-section-boxed elementor-section-height-default elementor-section-height-default\" data-id=\"8786c18\" data-element_type=\"section\">\n\t\t\t\t\t\t<div class=\"elementor-container elementor-column-gap-default\">\n\t\t\t\t\t<div class=\"elementor-column elementor-col-33 elementor-top-column elementor-element elementor-element-0d7d591\" data-id=\"0d7d591\" data-element_type=\"column\">\n\t\t\t<div class=\"elementor-widget-wrap elementor-element-populated\">\n\t\t\t\t\t\t\t\t<div class=\"elementor-element elementor-element-13bf7b3 elementor-position-top elementor-vertical-align-top elementor-invisible elementor-widget elementor-widget-image-box\" data-id=\"13bf7b3\" data-element_type=\"widget\" data-settings=\"{&quot;_animation&quot;:&quot;fadeIn&quot;}\" data-widget_type=\"image-box.default\">\n\t\t\t\t<div class=\"elementor-widget-container\">\n\t\t\t<style>\/*! elementor - v3.10.2 - 29-01-2023 *\/\n.elementor-widget-image-box .elementor-image-box-content{width:100%}@media (min-width:768px){.elementor-widget-image-box.elementor-position-left .elementor-image-box-wrapper,.elementor-widget-image-box.elementor-position-right .elementor-image-box-wrapper{display:flex}.elementor-widget-image-box.elementor-position-right .elementor-image-box-wrapper{text-align:right;flex-direction:row-reverse}.elementor-widget-image-box.elementor-position-left .elementor-image-box-wrapper{text-align:left;flex-direction:row}.elementor-widget-image-box.elementor-position-top .elementor-image-box-img{margin:auto}.elementor-widget-image-box.elementor-vertical-align-top .elementor-image-box-wrapper{align-items:flex-start}.elementor-widget-image-box.elementor-vertical-align-middle .elementor-image-box-wrapper{align-items:center}.elementor-widget-image-box.elementor-vertical-align-bottom .elementor-image-box-wrapper{align-items:flex-end}}@media (max-width:767px){.elementor-widget-image-box .elementor-image-box-img{margin-left:auto!important;margin-right:auto!important;margin-bottom:15px}}.elementor-widget-image-box .elementor-image-box-img{display:inline-block}.elementor-widget-image-box .elementor-image-box-title a{color:inherit}.elementor-widget-image-box .elementor-image-box-wrapper{text-align:center}.elementor-widget-image-box .elementor-image-box-description{margin:0}<\/style><div class=\"elementor-image-box-wrapper\"><figure class=\"elementor-image-box-img\"><img loading=\"lazy\" decoding=\"async\" width=\"1600\" height=\"1197\" src=\"https:\/\/hosterialoncorruca.cl\/lnc\/wp-content\/uploads\/2023\/01\/WhatsApp-Image-2023-01-02-at-20.27.55-1.jpeg\" class=\"attachment-full size-full wp-image-704\" alt=\"\" srcset=\"https:\/\/hosterialoncorruca.cl\/lnc\/wp-content\/uploads\/2023\/01\/WhatsApp-Image-2023-01-02-at-20.27.55-1.jpeg 1600w, https:\/\/hosterialoncorruca.cl\/lnc\/wp-content\/uploads\/2023\/01\/WhatsApp-Image-2023-01-02-at-20.27.55-1-300x224.jpeg 300w, https:\/\/hosterialoncorruca.cl\/lnc\/wp-content\/uploads\/2023\/01\/WhatsApp-Image-2023-01-02-at-20.27.55-1-1024x766.jpeg 1024w, https:\/\/hosterialoncorruca.cl\/lnc\/wp-content\/uploads\/2023\/01\/WhatsApp-Image-2023-01-02-at-20.27.55-1-768x575.jpeg 768w, https:\/\/hosterialoncorruca.cl\/lnc\/wp-content\/uploads\/2023\/01\/WhatsApp-Image-2023-01-02-at-20.27.55-1-1536x1149.jpeg 1536w\" sizes=\"auto, (max-width: 1600px) 100vw, 1600px\" \/><\/figure><div class=\"elementor-image-box-content\"><h3 class=\"elementor-image-box-title\">Restaurant<\/h3><p class=\"elementor-image-box-description\">Nuestra Hoster\u00eda es un lugar ideal y excelente opci\u00f3n, para comer en nuestro Restaurante, grato ambiente familiar,  comida tradicional<\/p><\/div><\/div>\t\t<\/div>\n\t\t\t\t<\/div>\n\t\t\t\t\t<\/div>\n\t\t<\/div>\n\t\t\t\t<div class=\"elementor-column elementor-col-33 elementor-top-column elementor-element elementor-element-8fd4c92\" data-id=\"8fd4c92\" data-element_type=\"column\">\n\t\t\t<div class=\"elementor-widget-wrap elementor-element-populated\">\n\t\t\t\t\t\t\t\t<div class=\"elementor-element elementor-element-86f3a63 elementor-position-top elementor-vertical-align-top elementor-invisible elementor-widget elementor-widget-image-box\" data-id=\"86f3a63\" data-element_type=\"widget\" data-settings=\"{&quot;_animation&quot;:&quot;fadeIn&quot;}\" data-widget_type=\"image-box.default\">\n\t\t\t\t<div class=\"elementor-widget-container\">\n\t\t\t<div class=\"elementor-image-box-wrapper\"><figure class=\"elementor-image-box-img\"><img loading=\"lazy\" decoding=\"async\" width=\"1280\" height=\"853\" src=\"https:\/\/hosterialoncorruca.cl\/lnc\/wp-content\/uploads\/2022\/12\/WhatsApp-Image-2022-12-25-at-23.50.32.jpeg\" class=\"attachment-full size-full wp-image-605\" alt=\"\" srcset=\"https:\/\/hosterialoncorruca.cl\/lnc\/wp-content\/uploads\/2022\/12\/WhatsApp-Image-2022-12-25-at-23.50.32.jpeg 1280w, https:\/\/hosterialoncorruca.cl\/lnc\/wp-content\/uploads\/2022\/12\/WhatsApp-Image-2022-12-25-at-23.50.32-300x200.jpeg 300w, https:\/\/hosterialoncorruca.cl\/lnc\/wp-content\/uploads\/2022\/12\/WhatsApp-Image-2022-12-25-at-23.50.32-1024x682.jpeg 1024w, https:\/\/hosterialoncorruca.cl\/lnc\/wp-content\/uploads\/2022\/12\/WhatsApp-Image-2022-12-25-at-23.50.32-768x512.jpeg 768w\" sizes=\"auto, (max-width: 1280px) 100vw, 1280px\" \/><\/figure><div class=\"elementor-image-box-content\"><h3 class=\"elementor-image-box-title\">Caba\u00f1as<\/h3><p class=\"elementor-image-box-description\"><span style=\"font-family: ABeeZee; font-size: 15px; font-style: normal; font-variant-ligatures: normal; font-variant-caps: normal; font-weight: 400; letter-spacing: 0.4px; text-align: left; white-space: normal; background-color: rgb(249, 249, 249);\">&nbsp;8 Caba\u00f1as con ba\u00f1o privado y estacionamiento propio, con una capacidad total de 36 pasajeros.<\/span><\/p><\/div><\/div>\t\t<\/div>\n\t\t\t\t<\/div>\n\t\t\t\t\t<\/div>\n\t\t<\/div>\n\t\t\t\t<div class=\"elementor-column elementor-col-33 elementor-top-column elementor-element elementor-element-35ce087\" data-id=\"35ce087\" data-element_type=\"column\">\n\t\t\t<div class=\"elementor-widget-wrap elementor-element-populated\">\n\t\t\t\t\t\t\t\t<div class=\"elementor-element elementor-element-c1faf8e elementor-position-top elementor-vertical-align-top elementor-invisible elementor-widget elementor-widget-image-box\" data-id=\"c1faf8e\" data-element_type=\"widget\" data-settings=\"{&quot;_animation&quot;:&quot;fadeIn&quot;}\" data-widget_type=\"image-box.default\">\n\t\t\t\t<div class=\"elementor-widget-container\">\n\t\t\t<div class=\"elementor-image-box-wrapper\"><figure class=\"elementor-image-box-img\"><img loading=\"lazy\" decoding=\"async\" width=\"1600\" height=\"1200\" src=\"https:\/\/hosterialoncorruca.cl\/lnc\/wp-content\/uploads\/2023\/01\/WhatsApp-Image-2023-01-02-at-20.27.52.jpeg\" class=\"attachment-full size-full wp-image-702\" alt=\"\" srcset=\"https:\/\/hosterialoncorruca.cl\/lnc\/wp-content\/uploads\/2023\/01\/WhatsApp-Image-2023-01-02-at-20.27.52.jpeg 1600w, https:\/\/hosterialoncorruca.cl\/lnc\/wp-content\/uploads\/2023\/01\/WhatsApp-Image-2023-01-02-at-20.27.52-300x225.jpeg 300w, https:\/\/hosterialoncorruca.cl\/lnc\/wp-content\/uploads\/2023\/01\/WhatsApp-Image-2023-01-02-at-20.27.52-1024x768.jpeg 1024w, https:\/\/hosterialoncorruca.cl\/lnc\/wp-content\/uploads\/2023\/01\/WhatsApp-Image-2023-01-02-at-20.27.52-768x576.jpeg 768w, https:\/\/hosterialoncorruca.cl\/lnc\/wp-content\/uploads\/2023\/01\/WhatsApp-Image-2023-01-02-at-20.27.52-1536x1152.jpeg 1536w\" sizes=\"auto, (max-width: 1600px) 100vw, 1600px\" \/><\/figure><div class=\"elementor-image-box-content\"><h3 class=\"elementor-image-box-title\">Eventos<\/h3><p class=\"elementor-image-box-description\"><span style=\"font-family: ABeeZee; font-size: 15px; font-style: normal; font-variant-ligatures: normal; font-variant-caps: normal; font-weight: 400; letter-spacing: 0.4px; text-align: left; white-space: normal; background-color: rgb(249, 249, 249);\">Con equipamiento y grato ambiente disponemos de espacios para todos los eventos de empresas e instituciones.<\/span><\/p><\/div><\/div>\t\t<\/div>\n\t\t\t\t<\/div>\n\t\t\t\t\t<\/div>\n\t\t<\/div>\n\t\t\t\t\t\t\t<\/div>\n\t\t<\/section>\n\t\t\t\t<section class=\"elementor-section elementor-top-section elementor-element elementor-element-be741fc elementor-section-content-middle elementor-section-boxed elementor-section-height-default elementor-section-height-default\" data-id=\"be741fc\" data-element_type=\"section\" data-settings=\"{&quot;background_background&quot;:&quot;classic&quot;}\">\n\t\t\t\t\t\t<div class=\"elementor-container elementor-column-gap-default\">\n\t\t\t\t\t<div class=\"elementor-column elementor-col-50 elementor-top-column elementor-element elementor-element-b4b84f2\" data-id=\"b4b84f2\" data-element_type=\"column\">\n\t\t\t<div class=\"elementor-widget-wrap elementor-element-populated\">\n\t\t\t\t\t\t\t\t<div class=\"elementor-element elementor-element-19b5bc2 elementor-hidden-phone elementor-widget__width-inherit elementor-widget elementor-widget-image\" data-id=\"19b5bc2\" data-element_type=\"widget\" data-widget_type=\"image.default\">\n\t\t\t\t<div class=\"elementor-widget-container\">\n\t\t\t\t\t\t\t\t\t\t\t\t\t\t\t<img loading=\"lazy\" decoding=\"async\" width=\"1600\" height=\"1200\" src=\"https:\/\/hosterialoncorruca.cl\/lnc\/wp-content\/uploads\/2023\/01\/WhatsApp-Image-2023-01-02-at-20.27.52.jpeg\" class=\"attachment-full size-full wp-image-702\" alt=\"\" srcset=\"https:\/\/hosterialoncorruca.cl\/lnc\/wp-content\/uploads\/2023\/01\/WhatsApp-Image-2023-01-02-at-20.27.52.jpeg 1600w, https:\/\/hosterialoncorruca.cl\/lnc\/wp-content\/uploads\/2023\/01\/WhatsApp-Image-2023-01-02-at-20.27.52-300x225.jpeg 300w, https:\/\/hosterialoncorruca.cl\/lnc\/wp-content\/uploads\/2023\/01\/WhatsApp-Image-2023-01-02-at-20.27.52-1024x768.jpeg 1024w, https:\/\/hosterialoncorruca.cl\/lnc\/wp-content\/uploads\/2023\/01\/WhatsApp-Image-2023-01-02-at-20.27.52-768x576.jpeg 768w, https:\/\/hosterialoncorruca.cl\/lnc\/wp-content\/uploads\/2023\/01\/WhatsApp-Image-2023-01-02-at-20.27.52-1536x1152.jpeg 1536w\" sizes=\"auto, (max-width: 1600px) 100vw, 1600px\" \/>\t\t\t\t\t\t\t\t\t\t\t\t\t\t\t<\/div>\n\t\t\t\t<\/div>\n\t\t\t\t\t<\/div>\n\t\t<\/div>\n\t\t\t\t<div class=\"elementor-column elementor-col-50 elementor-top-column elementor-element elementor-element-8415cc5\" data-id=\"8415cc5\" data-element_type=\"column\">\n\t\t\t<div class=\"elementor-widget-wrap elementor-element-populated\">\n\t\t\t\t\t\t\t\t<div class=\"elementor-element elementor-element-8caba62 elementor-widget elementor-widget-image\" data-id=\"8caba62\" data-element_type=\"widget\" data-widget_type=\"image.default\">\n\t\t\t\t<div class=\"elementor-widget-container\">\n\t\t\t\t\t\t\t\t\t\t\t\t\t\t\t<img loading=\"lazy\" decoding=\"async\" width=\"731\" height=\"157\" src=\"https:\/\/hosterialoncorruca.cl\/lnc\/wp-content\/uploads\/2022\/12\/cropped-white-logo_-1.png\" class=\"attachment-full size-full wp-image-623\" alt=\"\" srcset=\"https:\/\/hosterialoncorruca.cl\/lnc\/wp-content\/uploads\/2022\/12\/cropped-white-logo_-1.png 731w, https:\/\/hosterialoncorruca.cl\/lnc\/wp-content\/uploads\/2022\/12\/cropped-white-logo_-1-300x64.png 300w\" sizes=\"auto, (max-width: 731px) 100vw, 731px\" \/>\t\t\t\t\t\t\t\t\t\t\t\t\t\t\t<\/div>\n\t\t\t\t<\/div>\n\t\t\t\t<div class=\"elementor-element elementor-element-567fa8b center-mobile elementor-widget elementor-widget-heading\" data-id=\"567fa8b\" data-element_type=\"widget\" data-widget_type=\"heading.default\">\n\t\t\t\t<div class=\"elementor-widget-container\">\n\t\t\t<h2 class=\"elementor-heading-title elementor-size-default\">Ven a conocernos.<br> <b><span style=\"color: #0eb290;\">Loncorruca loncoche<\/span><\/b><\/h2>\t\t<\/div>\n\t\t\t\t<\/div>\n\t\t\t\t<div class=\"elementor-element elementor-element-ad7e30e center-mobile elementor-widget elementor-widget-text-editor\" data-id=\"ad7e30e\" data-element_type=\"widget\" data-widget_type=\"text-editor.default\">\n\t\t\t\t<div class=\"elementor-widget-container\">\n\t\t\t\t\t\t\t<p>Nuestra Hoster\u00eda es un negocio con Tradici\u00f3n hist\u00f3rica, calidad y preocupaci\u00f3n por nuestros clientes, con m\u00e1s de 40 a\u00f1os de experiencia.<\/p><p><span style=\"font-size: 15px; letter-spacing: 0.4px;\">Nos iniciamos en el a\u00f1o 1972, bajo el nombre de \u00abTur\u00edstica Lolorruca\u00bb.<\/span><\/p><p>En el a\u00f1o 1990, cambiamos de nombre a: \u00ab<span style=\"font-size: 15px; letter-spacing: 0.4px; color: #0eb290;\"><b>Hoster\u00eda y Caba\u00f1as Loncorruca\u00bb<\/b>.<\/span><\/p><p>Estamos ubicados en Panamericana Sur Km.757, Loncoche ,regi\u00f3n de la Araucan\u00eda.<\/p>\t\t\t\t\t\t<\/div>\n\t\t\t\t<\/div>\n\t\t\t\t\t<\/div>\n\t\t<\/div>\n\t\t\t\t\t\t\t<\/div>\n\t\t<\/section>\n\t\t\t\t\t\t\t<\/div>\n\t\t","protected":false},"excerpt":{"rendered":"<p>Hosteria Loncorruca Loncoche Tradici\u00f3n hist\u00f3rica, calidad y con m\u00e1s de 40 a\u00f1os de experiencia. Restaurant Nuestra Hoster\u00eda es un lugar ideal y excelente opci\u00f3n, para comer en nuestro Restaurante, grato ambiente familiar, comida tradicional Caba\u00f1as &nbsp;8 Caba\u00f1as con ba\u00f1o privado y estacionamiento propio, con una capacidad total de 36 pasajeros. Eventos Con equipamiento y grato [&hellip;]<\/p>\n","protected":false},"author":1,"featured_media":0,"parent":0,"menu_order":0,"comment_status":"closed","ping_status":"closed","template":"","meta":{"footnotes":""},"class_list":["post-189","page","type-page","status-publish","hentry","entry"],"_links":{"self":[{"href":"https:\/\/hosterialoncorruca.cl\/lnc\/wp-json\/wp\/v2\/pages\/189","targetHints":{"allow":["GET"]}}],"collection":[{"href":"https:\/\/hosterialoncorruca.cl\/lnc\/wp-json\/wp\/v2\/pages"}],"about":[{"href":"https:\/\/hosterialoncorruca.cl\/lnc\/wp-json\/wp\/v2\/types\/page"}],"author":[{"embeddable":true,"href":"https:\/\/hosterialoncorruca.cl\/lnc\/wp-json\/wp\/v2\/users\/1"}],"replies":[{"embeddable":true,"href":"https:\/\/hosterialoncorruca.cl\/lnc\/wp-json\/wp\/v2\/comments?post=189"}],"version-history":[{"count":20,"href":"https:\/\/hosterialoncorruca.cl\/lnc\/wp-json\/wp\/v2\/pages\/189\/revisions"}],"predecessor-version":[{"id":754,"href":"https:\/\/hosterialoncorruca.cl\/lnc\/wp-json\/wp\/v2\/pages\/189\/revisions\/754"}],"wp:attachment":[{"href":"https:\/\/hosterialoncorruca.cl\/lnc\/wp-json\/wp\/v2\/media?parent=189"}],"curies":[{"name":"wp","href":"https:\/\/api.w.org\/{rel}","templated":true}]}}